{"id":409,"date":"2023-09-27T11:36:30","date_gmt":"2023-09-27T09:36:30","guid":{"rendered":"https:\/\/hypnosensetvie.fr\/?page_id=409"},"modified":"2023-09-27T11:36:30","modified_gmt":"2023-09-27T09:36:30","slug":"specialisations-therapeutiques","status":"publish","type":"page","link":"https:\/\/hypnosensetvie.fr\/?page_id=409","title":{"rendered":"Sp\u00e9cialisations th\u00e9rapeutiques"},"content":{"rendered":"\n<p class=\"has-text-color\" style=\"color:#4d5052;font-size:22px\">Des blocages peuvent persister malgr\u00e9 une prise en charge th\u00e9rapeutique adapt\u00e9e. Voici donc d&rsquo;autres \u00ab\u00a0<strong>portes d&rsquo;entr\u00e9es<\/strong>\u00a0\u00bb \/ techniques th\u00e9rapeutiques que j&rsquo;utilise au cabinet et qui <strong>permettent de lib\u00e9rer les blocages inconscients<\/strong> parfois fig\u00e9s\/ancr\u00e9s depuis longtemps. Ces approches sont de <strong>puissants vecteurs d&rsquo;\u00e9volution psychiques et \u00e9motionnelles.<\/strong><\/p>\n\n\n\n<p><\/p>\n\n\n\n<p class=\"has-text-align-center\" style=\"font-size:22px\"> <strong>Deuil et Rupture de liens de douleur<\/strong>&#8211; d\u00e8s 8 ans <\/p>\n\n\n\n<div class=\"wp-block-image is-style-rounded\"><figure class=\"aligncenter size-full is-resized\"><img loading=\"lazy\" src=\"https:\/\/hypnosensetvie.fr\/wp-content\/uploads\/2021\/11\/larme-oeil-main-13069485-e1637343014678.jpg\" alt=\"\" class=\"wp-image-354\" width=\"570\" height=\"380\"\/><\/figure><\/div>\n\n\n\n<p class=\"has-text-align-center\">Que ce soit :<\/p>\n\n\n\n<ul><li>un deuil d&rsquo;une personne ou d&rsquo;un animal d\u00e9c\u00e9d\u00e9 ; <\/li><li>une\/des relation.s amoureuse.s, <\/li><li>D\u00e9m\u00e9nagement difficile, pays de naissance, <\/li><li>Perte d&rsquo;un emploi, <\/li><li>Les enfants qui quittent le nid familial,<\/li><li>&#8230;..<\/li><\/ul>\n\n\n\n<p style=\"font-size:18px\"><strong>ou<\/strong><\/p>\n\n\n\n<ul><li>une part de soi (la partie col\u00e8re, peur, souffrance, maladie,&#8230;) <\/li><\/ul>\n\n\n\n<p class=\"has-normal-font-size\">Cette technique de visualisation transformatrice <strong>est puissante<\/strong> et <strong>vous lib\u00e8re efficacement<\/strong> de tout ce qui peut entraver votre d\u00e9veloppement personnel dans votre vie actuelle.<\/p>\n\n\n\n<p><\/p>\n\n\n\n<p><\/p>\n\n\n\n<p><\/p>\n\n\n\n<p class=\"has-text-align-center\" style=\"font-size:22px\"><strong> Trouble du Stress Post-Traumatique &#8211; EMDR<\/strong><\/p>\n\n\n\n<div class=\"wp-block-image is-style-rounded\"><figure class=\"aligncenter size-large is-resized\"><img loading=\"lazy\" src=\"https:\/\/hypnosensetvie.fr\/wp-content\/uploads\/2021\/09\/EMDR-1024x686.jpg\" alt=\"\" class=\"wp-image-316\" width=\"570\" height=\"380\" srcset=\"https:\/\/hypnosensetvie.fr\/wp-content\/uploads\/2021\/09\/EMDR-300x201.jpg 300w, https:\/\/hypnosensetvie.fr\/wp-content\/uploads\/2021\/09\/EMDR-768x514.jpg 768w, https:\/\/hypnosensetvie.fr\/wp-content\/uploads\/2021\/09\/EMDR-1536x1028.jpg 1536w\" sizes=\"(max-width: 570px) 100vw, 570px\" \/><\/figure><\/div>\n\n\n\n<p class=\"has-text-align-center has-normal-font-size\">La th\u00e9rapie EMDR utilise une stimulation sensorielle bi-altern\u00e9e (droite-gauche) qui se pratique par mouvements oculaires pour le trouble de stress post-traumatique (TSPT) ou psychotrauma.<\/p>\n\n\n\n<p class=\"has-text-align-center has-normal-font-size\">Lorsque le psychisme est d\u00e9pass\u00e9 par un choc traumatique, notre cerveau n\u2019arrive pas \u00e0 traiter \u2013 ou dig\u00e9rer \u2013 les informations choquantes comme il le fait ordinairement et reste bloqu\u00e9 sur l\u2019\u00e9v\u00e8nement, sans que nous en ayons conscience. Ce sont ces v\u00e9cus traumatiques non dig\u00e9r\u00e9s qui creusent le lit de la pathologie, provoquant un trouble de stress post-traumatique et d\u2019autres pathologies associ\u00e9es.<\/p>\n\n\n\n<p class=\"has-text-align-center\" style=\"font-size:18px\">Agressions &#8211; Maltraitances physiques, psychologiques, et sexuelles &#8211; Accidents &#8211; Deuils &#8211; Attentats -Catastrophes naturelles \u2013 Phobies &#8211; &#8230;<\/p>\n\n\n\n<p class=\"has-text-align-center has-normal-font-size\"> <strong>Les r\u00e9sultats sont durables et rapides, d\u00e8s la premi\u00e8re s\u00e9ance<\/strong>. Cette technique est \u00e9galement envisag\u00e9e avec les enfants (sommeil agit\u00e9, cauchemars, blocages, traumatismes) qui retrouvent un apaisement rapidement en utilisant ces mouvements oculaires.<\/p>\n\n\n\n<p><\/p>\n\n\n\n<p><\/p>\n\n\n\n<p><\/p>\n\n\n\n<p class=\"has-text-align-center\" style=\"font-size:22px\"><strong>La constellation familiale<\/strong> <strong>et syst\u00e9mique<\/strong><\/p>\n\n\n\n<div class=\"wp-block-image is-style-rounded\"><figure class=\"aligncenter size-full is-resized\"><img loading=\"lazy\" src=\"https:\/\/hypnosensetvie.fr\/wp-content\/uploads\/2023\/09\/Capture-decran-2023-09-11-212059.png\" alt=\"\" class=\"wp-image-410\" width=\"570\" height=\"380\"\/><\/figure><\/div>\n\n\n\n<p>La constellation familiale et syst\u00e9mique est une approche th\u00e9rapeutique qui <strong>permet de comprendre les dynamiques familiales et les cons\u00e9quences<\/strong> qu&rsquo;elles peuvent avoir sur notre vie actuelle.<br>Elle se base sur l&rsquo;id\u00e9e que notre famille est un syst\u00e8me vivant qui a une influence sur nos comportements, nos \u00e9motions, nos relations, nos choix, etc.<\/p>\n\n\n\n<p class=\"has-normal-font-size\">Cette m\u00e9thode a \u00e9t\u00e9 d\u00e9velopp\u00e9e par le psychologue allemand Bert Hellinger dans les ann\u00e9es 1990 et s&rsquo;appuie sur l&rsquo;id\u00e9e que <strong>les relations familiales et les sch\u00e9mas de comportement sont transmis de g\u00e9n\u00e9ration en g\u00e9n\u00e9ration et peuvent souvent \u00eatre la cause de probl\u00e8mes \u00e9motionnels ou de comportement <\/strong>chez chacun d&rsquo;entre nous, dans sa vie quotidienne actuelle.<\/p>\n\n\n\n<p>Les constellations familiales peuvent \u00eatre utiles dans de nombreuses situations : pour comprendre des comportements r\u00e9p\u00e9titifs, des blocages \u00e9motionnels, des difficult\u00e9s relationnelles, des maladies inexplicables, des probl\u00e8mes de fertilit\u00e9s\/des difficult\u00e9 \u00e0 concevoir, des deuils non r\u00e9solus, des ruptures familiales, des secrets de famille, etc. Elles peuvent aider \u00e0 <strong>r\u00e9tablir l&rsquo;\u00e9quilibre dans le syst\u00e8me familial<\/strong>, \u00e0 r\u00e9int\u00e9grer une personne qui a \u00e9t\u00e9 exclue, \u00e0 effacer les m\u00e9moires des anc\u00eatres, \u00e0 lib\u00e9rer sa lign\u00e9e des blocages, des non-dits et des secrets.<\/p>\n\n\n\n<p><\/p>\n\n\n\n<p><\/p>\n\n\n\n<p><\/p>\n\n\n\n<p><\/p>\n\n\n\n<p class=\"has-text-align-center\" style=\"font-size:22px\"><strong>Hypnose spirituelle et symbolique<\/strong> &#8211; 3 portes d&rsquo;entr\u00e9es<\/p>\n\n\n\n<div class=\"wp-block-image is-style-rounded\"><figure class=\"aligncenter size-full is-resized\"><img loading=\"lazy\" src=\"https:\/\/hypnosensetvie.fr\/wp-content\/uploads\/2023\/09\/hyp-spi.png\" alt=\"\" class=\"wp-image-413\" width=\"570\" height=\"380\"\/><figcaption>Lib\u00e9ration d&rsquo;\u00e2mes \/ R\u00e9gression dans les vies ant\u00e9rieures \/ Chemin de vie<\/figcaption><\/figure><\/div>\n\n\n\n<p>L\u2019hypnose Spirituelle et Symbolique repose sur la conviction que l\u2019\u00eatre humain poss\u00e8de une <strong>\u00e2me<\/strong> et qu\u2019il se r\u00e9incarne afin d\u2019accomplir des cycles d\u2019apprentissages pour une mission de vie. Ce process th\u00e9rapeutique permet une&nbsp;<strong>reconnexion \u00e0 soi<\/strong>, d\u00e9lier certains blocages ou des sch\u00e9mas qui se r\u00e9p\u00e8tent. <\/p>\n\n\n\n<p> Cette technique s\u2019applique particuli\u00e8rement \u00e0 ceux souhaitant entamer un <strong>cheminement int\u00e9rieur<\/strong> et qui ont besoin de se reconnecter au plus profond d\u2019eux m\u00eame <strong>pour \u00e9voluer et s\u2019accomplir r\u00e9ellement<\/strong>. <\/p>\n\n\n\n<p><\/p>\n\n\n\n<p>Quand pratiquer ce type de s\u00e9ance :<\/p>\n\n\n\n<p>\u2022&nbsp;Apr\u00e8s plusieurs th\u00e9rapies dites \u00ab classiques, \u00bb vous ne parvenez toujours pas \u00e0 vous d\u00e9barrasser d\u2019une probl\u00e9matique en particulier.<br>\u2022&nbsp;Vous sentez qu\u2019une fatalit\u00e9 p\u00e8se sur votre vie.<br>\u2022&nbsp;Quand une situation revient toujours en boucle dans votre vie :&nbsp;accidents, probl\u00e8mes relationnels, d\u2019argent.<br>\u2022&nbsp;Vous souhaitez retrouver des qualit\u00e9s que vous poss\u00e9diez au cours de vos vies ant\u00e9rieures.<br>\u2022&nbsp;Mettre un terme \u00e0 un contrat que vous auriez peut-\u00eatre conclut avec une personne dans une autre vie et qui vous cause toujours des d\u00e9sagr\u00e9ments.<\/p>\n\n\n\n<p><\/p>\n\n\n\n<p><\/p>\n\n\n\n<p><\/p>\n\n\n\n<p><\/p>\n\n\n\n<p><\/p>\n","protected":false},"excerpt":{"rendered":"<p>Des blocages peuvent persister malgr\u00e9 une prise en charge th\u00e9rapeutique adapt\u00e9e. Voici donc d&rsquo;autres \u00ab\u00a0portes d&rsquo;entr\u00e9es\u00a0\u00bb \/ techniques th\u00e9rapeutiques que j&rsquo;utilise au cabinet et qui permettent de lib\u00e9rer les blocages inconscients parfois fig\u00e9s\/ancr\u00e9s depuis longtemps. Ces approches sont de puissants vecteurs d&rsquo;\u00e9volution psychiques et \u00e9motionnelles. Deuil et Rupture de liens de douleur&#8211; d\u00e8s 8 ans [&hellip;]<\/p>\n","protected":false},"author":1,"featured_media":0,"parent":0,"menu_order":0,"comment_status":"closed","ping_status":"closed","template":"","meta":[],"_links":{"self":[{"href":"https:\/\/hypnosensetvie.fr\/index.php?rest_route=\/wp\/v2\/pages\/409"}],"collection":[{"href":"https:\/\/hypnosensetvie.fr\/index.php?rest_route=\/wp\/v2\/pages"}],"about":[{"href":"https:\/\/hypnosensetvie.fr\/index.php?rest_route=\/wp\/v2\/types\/page"}],"author":[{"embeddable":true,"href":"https:\/\/hypnosensetvie.fr\/index.php?rest_route=\/wp\/v2\/users\/1"}],"replies":[{"embeddable":true,"href":"https:\/\/hypnosensetvie.fr\/index.php?rest_route=%2Fwp%2Fv2%2Fcomments&post=409"}],"version-history":[{"count":9,"href":"https:\/\/hypnosensetvie.fr\/index.php?rest_route=\/wp\/v2\/pages\/409\/revisions"}],"predecessor-version":[{"id":426,"href":"https:\/\/hypnosensetvie.fr\/index.php?rest_route=\/wp\/v2\/pages\/409\/revisions\/426"}],"wp:attachment":[{"href":"https:\/\/hypnosensetvie.fr\/index.php?rest_route=%2Fwp%2Fv2%2Fmedia&parent=409"}],"curies":[{"name":"wp","href":"https:\/\/api.w.org\/{rel}","templated":true}]}}