{"id":103,"date":"2021-02-13T16:46:19","date_gmt":"2021-02-13T15:46:19","guid":{"rendered":"http:\/\/hypnosensetvie.fr\/?page_id=103"},"modified":"2022-01-10T09:37:14","modified_gmt":"2022-01-10T08:37:14","slug":"ethique-et-deontologie","status":"publish","type":"page","link":"https:\/\/hypnosensetvie.fr\/?page_id=103","title":{"rendered":"Ethique et D\u00e9ontologie"},"content":{"rendered":"\n<h2 class=\"has-text-align-center\" style=\"font-size:22px\">En tant que praticienne, je m\u2019engage \u00e0 respecter  le code \u00c9thique et D\u00e9ontologique ci-dessous.<\/h2>\n\n\n\n<p><\/p>\n\n\n\n<h2 class=\"has-medium-font-size\"><strong>La responsabilit\u00e9 envers les clients<\/strong><\/h2>\n\n\n\n<p>Respecter les paroles, les comportements, la dignit\u00e9 et l\u2019autonomie des personnes.<\/p>\n\n\n\n<p>Conduire des interventions qui respectent les valeurs et les croyances des personnes ainsi que les syst\u00e8mes dans lesquels elles \u00e9voluent.<\/p>\n\n\n\n<p>S&rsquo;interdire toute parole susceptible de porter atteinte \u00e0 l\u2019int\u00e9grit\u00e9 physique ou morale des personnes en faveur desquelles ces interventions sont men\u00e9es.<\/p>\n\n\n\n<p>Respecter la r\u00e8gle de la discr\u00e9tion professionnelle et des lois \u00e9dict\u00e9es.<\/p>\n\n\n\n<p>Observer une position de r\u00e9serve et de d\u00e9cence, en ce qui concerne : sa propre pr\u00e9sentation, ses propositions d\u2019accompagnement, l\u2019information au public, ses coll\u00e8gues.<\/p>\n\n\n\n<p>Mettre en place les conditions favorables pour permettre aux personnes d\u2019\u00e9voluer dans la bienveillance et le respect.<\/p>\n\n\n\n<p><\/p>\n\n\n\n<h3 class=\"has-medium-font-size\"><strong>Responsabilit\u00e9s professionnelles<\/strong><\/h3>\n\n\n\n<p>Le praticien en hypnose tente de maximiser les b\u00e9n\u00e9fices et de diminuer la souffrance de ses clients. Il prend en compte l\u2019impact n\u00e9gatif d\u2019un changement qui pourrait avoir un effet sur son environnement. Il l\u2019informe avec des explications claires et appropri\u00e9es sur le d\u00e9roulement de la s\u00e9ance. Il tient compte du caract\u00e8re du client et de son \u00e9tat \u00e9motionnel.Si le cas ne rel\u00e8ve pas de son domaine de comp\u00e9tences il doit rediriger son client vers un professionnel de la sant\u00e9 ad\u00e9quat. (Psychiatre, psychologue, m\u00e9decin\u2026)<\/p>\n\n\n\n<p>Le praticien en hypnose est soumis au secret professionnel. Tout ce qui est dit, su, ou compris ne sortira du cabinet.<\/p>\n\n\n\n<p>Le praticien en hypnose n\u2019a pas vocation \u00e0 se substituer aux diff\u00e9rents professionnels de sant\u00e9.<\/p>\n\n\n\n<p>Le praticien en hypnose respecte la dignit\u00e9, la vie priv\u00e9e et familiale ainsi que la confidentialit\u00e9 des clients qui le consultent.<\/p>\n\n\n\n<p>Le praticien en hypnose doit \u00eatre titulaire au minimum du dipl\u00f4me de praticien et doit continuer \u00e0 approfondir son savoir th\u00e9orique et pratique.<\/p>\n\n\n\n<p>Le praticien en hypnose respecte des objectifs de son client en s\u00e9lectionnant un protocole le plus congruent \/ pertinent.<\/p>\n\n\n\n<p>Le praticien en hypnose exerce sa profession en tant que lib\u00e9ral et ind\u00e9pendant.<\/p>\n\n\n\n<p>Le praticien en hypnose, conseille, \u00e9coute, informe avec la m\u00eame conscience toutes les personnes sans discrimination. (Religieuse, ethnique, politique\u2026..) <\/p>\n\n\n\n<p class=\"has-normal-font-size\">Le praticien en hypnose se r\u00e9serve le droit de ne pas travailler avec une personne si le travail implique une atteinte \u00e0 ses valeurs morales.<\/p>\n\n\n\n<h3><\/h3>\n\n\n\n<h3><\/h3>\n\n\n\n<p class=\"has-text-align-left has-medium-font-size\"><strong>IMPORTANT : l\u2019hypnose ne remplace en aucun cas un traitement m\u00e9dical. <\/strong><\/p>\n\n\n\n<p class=\"has-text-align-left\">Elle rentre dans les m\u00e9decines compl\u00e9mentaires et m\u00e9decines douces.<\/p>\n\n\n\n<p class=\"has-text-align-left\"><strong>Elle ne peut (ni ne veut) en aucun cas se substituer \u00e0 votre traitement m\u00e9dical.<\/strong><\/p>\n\n\n\n<p><strong>Si un traitement m\u00e9dical vous a \u00e9t\u00e9 prescrit, vous devez le poursuivre en informant votre m\u00e9decin qui vous l&rsquo;a prescrit que vous envisagez de suivre une hypnoth\u00e9rapie, afin que celui-ci puisse donner son avis \u00e9clair\u00e9 sur le recours \u00e0 l&rsquo;\u00e9tat d&rsquo;hypnose au cours de l&rsquo;accompagnement !<\/strong><\/p>\n","protected":false},"excerpt":{"rendered":"<p>En tant que praticienne, je m\u2019engage \u00e0 respecter le code \u00c9thique et D\u00e9ontologique ci-dessous. La responsabilit\u00e9 envers les clients Respecter les paroles, les comportements, la dignit\u00e9 et l\u2019autonomie des personnes. Conduire des interventions qui respectent les valeurs et les croyances des personnes ainsi que les syst\u00e8mes dans lesquels elles \u00e9voluent. S&rsquo;interdire toute parole susceptible de [&hellip;]<\/p>\n","protected":false},"author":1,"featured_media":0,"parent":0,"menu_order":0,"comment_status":"closed","ping_status":"closed","template":"","meta":[],"_links":{"self":[{"href":"https:\/\/hypnosensetvie.fr\/index.php?rest_route=\/wp\/v2\/pages\/103"}],"collection":[{"href":"https:\/\/hypnosensetvie.fr\/index.php?rest_route=\/wp\/v2\/pages"}],"about":[{"href":"https:\/\/hypnosensetvie.fr\/index.php?rest_route=\/wp\/v2\/types\/page"}],"author":[{"embeddable":true,"href":"https:\/\/hypnosensetvie.fr\/index.php?rest_route=\/wp\/v2\/users\/1"}],"replies":[{"embeddable":true,"href":"https:\/\/hypnosensetvie.fr\/index.php?rest_route=%2Fwp%2Fv2%2Fcomments&post=103"}],"version-history":[{"count":12,"href":"https:\/\/hypnosensetvie.fr\/index.php?rest_route=\/wp\/v2\/pages\/103\/revisions"}],"predecessor-version":[{"id":374,"href":"https:\/\/hypnosensetvie.fr\/index.php?rest_route=\/wp\/v2\/pages\/103\/revisions\/374"}],"wp:attachment":[{"href":"https:\/\/hypnosensetvie.fr\/index.php?rest_route=%2Fwp%2Fv2%2Fmedia&parent=103"}],"curies":[{"name":"wp","href":"https:\/\/api.w.org\/{rel}","templated":true}]}}